{"id":240,"date":"2024-05-13T12:54:35","date_gmt":"2024-05-13T10:54:35","guid":{"rendered":"https:\/\/www.wp.pradeshandball.com\/?page_id=240"},"modified":"2025-09-10T11:18:09","modified_gmt":"2025-09-10T09:18:09","slug":"contact","status":"publish","type":"page","link":"https:\/\/www.pradeshandball.com\/index.php\/contact\/","title":{"rendered":"Contact"},"content":{"rendered":"\t\t<div data-elementor-type=\"wp-page\" data-elementor-id=\"240\" class=\"elementor elementor-240\" data-elementor-post-type=\"page\">\n\t\t\t\t<div class=\"elementor-element elementor-element-32254b5 e-flex e-con-boxed e-con e-parent\" data-id=\"32254b5\" data-element_type=\"container\">\n\t\t\t\t\t<div class=\"e-con-inner\">\n\t\t\t\t<div class=\"elementor-element elementor-element-f337eb8 elementor-widget elementor-widget-heading\" data-id=\"f337eb8\" data-element_type=\"widget\" data-widget_type=\"heading.default\">\n\t\t\t\t<div class=\"elementor-widget-container\">\n\t\t\t\t\t<h1 class=\"elementor-heading-title elementor-size-xxl\">Contact <\/h1>\t\t\t\t<\/div>\n\t\t\t\t<\/div>\n\t\t<div class=\"elementor-element elementor-element-750f5ad e-flex e-con-boxed e-con e-child\" data-id=\"750f5ad\" data-element_type=\"container\">\n\t\t\t\t\t<div class=\"e-con-inner\">\n\t\t\t\t<div class=\"elementor-element elementor-element-a94fc61 elementor-widget-divider--view-line elementor-widget elementor-widget-divider\" data-id=\"a94fc61\" data-element_type=\"widget\" data-widget_type=\"divider.default\">\n\t\t\t\t<div class=\"elementor-widget-container\">\n\t\t\t\t\t\t\t<div class=\"elementor-divider\">\n\t\t\t<span class=\"elementor-divider-separator\">\n\t\t\t\t\t\t<\/span>\n\t\t<\/div>\n\t\t\t\t\t\t<\/div>\n\t\t\t\t<\/div>\n\t\t\t\t<div class=\"elementor-element elementor-element-fceeeb9 elementor-widget elementor-widget-text-editor\" data-id=\"fceeeb9\" data-element_type=\"widget\" data-widget_type=\"text-editor.default\">\n\t\t\t\t<div class=\"elementor-widget-container\">\n\t\t\t\t\t\t\t\t\t<p>Vous pouvez nous contacter par e-mail \u00e0 pradeshandball@gmail.com<\/p><p>PHB<br \/>Prades-le-Lez Handball<br \/>Halle des sports<br \/>480 rue du Mas d&#8217;Aussel<br \/>34730 Prades-le-Lez<\/p>\t\t\t\t\t\t\t\t<\/div>\n\t\t\t\t<\/div>\n\t\t\t\t<div class=\"elementor-element elementor-element-b54d07e elementor-button-align-stretch elementor-widget elementor-widget-form\" data-id=\"b54d07e\" data-element_type=\"widget\" data-settings=\"{&quot;step_next_label&quot;:&quot;Suivant&quot;,&quot;step_previous_label&quot;:&quot;Pr\\u00e9c\\u00e9dent&quot;,&quot;button_width&quot;:&quot;100&quot;,&quot;step_type&quot;:&quot;number_text&quot;,&quot;step_icon_shape&quot;:&quot;circle&quot;}\" data-widget_type=\"form.default\">\n\t\t\t\t<div class=\"elementor-widget-container\">\n\t\t\t\t\t\t\t<form class=\"elementor-form\" method=\"post\" name=\"Nouveau formulaire\">\n\t\t\t<input type=\"hidden\" name=\"post_id\" value=\"240\"\/>\n\t\t\t<input type=\"hidden\" name=\"form_id\" value=\"b54d07e\"\/>\n\t\t\t<input type=\"hidden\" name=\"referer_title\" value=\"Prades HandBall\" \/>\n\n\t\t\t\n\t\t\t<div class=\"elementor-form-fields-wrapper elementor-labels-above\">\n\t\t\t\t\t\t\t\t<div class=\"elementor-field-type-text elementor-field-group elementor-column elementor-field-group-name elementor-col-20 elementor-field-required elementor-mark-required\">\n\t\t\t\t\t\t\t\t\t\t\t\t<label for=\"form-field-name\" class=\"elementor-field-label\">\n\t\t\t\t\t\t\t\tNom\t\t\t\t\t\t\t<\/label>\n\t\t\t\t\t\t\t\t\t\t\t\t\t\t<input size=\"1\" type=\"text\" name=\"form_fields[name]\" id=\"form-field-name\" class=\"elementor-field elementor-size-sm  elementor-field-textual\" placeholder=\"Nom\" required=\"required\">\n\t\t\t\t\t\t\t\t\t\t\t<\/div>\n\t\t\t\t\t\t\t\t<div class=\"elementor-field-type-text elementor-field-group elementor-column elementor-field-group-field_6abceb4 elementor-col-20 elementor-field-required elementor-mark-required\">\n\t\t\t\t\t\t\t\t\t\t\t\t<label for=\"form-field-field_6abceb4\" class=\"elementor-field-label\">\n\t\t\t\t\t\t\t\tPr\u00e9nom\t\t\t\t\t\t\t<\/label>\n\t\t\t\t\t\t\t\t\t\t\t\t\t\t<input size=\"1\" type=\"text\" name=\"form_fields[field_6abceb4]\" id=\"form-field-field_6abceb4\" class=\"elementor-field elementor-size-sm  elementor-field-textual\" placeholder=\"Pr\u00e9nom\" required=\"required\">\n\t\t\t\t\t\t\t\t\t\t\t<\/div>\n\t\t\t\t\t\t\t\t<div class=\"elementor-field-type-email elementor-field-group elementor-column elementor-field-group-email elementor-col-100 elementor-field-required elementor-mark-required\">\n\t\t\t\t\t\t\t\t\t\t\t\t<label for=\"form-field-email\" class=\"elementor-field-label\">\n\t\t\t\t\t\t\t\tE-mail\t\t\t\t\t\t\t<\/label>\n\t\t\t\t\t\t\t\t\t\t\t\t\t\t<input size=\"1\" type=\"email\" name=\"form_fields[email]\" id=\"form-field-email\" class=\"elementor-field elementor-size-sm  elementor-field-textual\" placeholder=\"E-mail\" required=\"required\">\n\t\t\t\t\t\t\t\t\t\t\t<\/div>\n\t\t\t\t\t\t\t\t<div class=\"elementor-field-type-textarea elementor-field-group elementor-column elementor-field-group-message elementor-col-100 elementor-field-required elementor-mark-required\">\n\t\t\t\t\t\t\t\t\t\t\t\t<label for=\"form-field-message\" class=\"elementor-field-label\">\n\t\t\t\t\t\t\t\tMessage\t\t\t\t\t\t\t<\/label>\n\t\t\t\t\t\t<textarea class=\"elementor-field-textual elementor-field  elementor-size-sm\" name=\"form_fields[message]\" id=\"form-field-message\" rows=\"4\" placeholder=\"Message\" required=\"required\"><\/textarea>\t\t\t\t<\/div>\n\t\t\t\t\t\t\t\t<div class=\"elementor-field-type-hcaptcha elementor-field-group elementor-column elementor-field-group-field_e481fa9 elementor-col-100\">\n\t\t\t\t\t<div class=\"elementor-field\" id=\"form-field-field_e481fa9\"><div class=\"elementor-hcaptcha\">\t\t<input\n\t\t\t\ttype=\"hidden\"\n\t\t\t\tclass=\"hcaptcha-widget-id\"\n\t\t\t\tname=\"hcaptcha-widget-id\"\n\t\t\t\tvalue=\"eyJzb3VyY2UiOlsiZWxlbWVudG9yLXByb1wvZWxlbWVudG9yLXByby5waHAiXSwiZm9ybV9pZCI6MH0=-aca1d138b3961673ca360370472d1896\">\n\t\t\t\t<h-captcha\n\t\t\tclass=\"h-captcha\"\n\t\t\tdata-sitekey=\"62aa3360-caba-42b0-a46a-e634b23ed168\"\n\t\t\tdata-theme=\"light\"\n\t\t\tdata-size=\"normal\"\n\t\t\tdata-auto=\"false\"\n\t\t\tdata-ajax=\"false\"\n\t\t\tdata-force=\"false\">\n\t\t<\/h-captcha>\n\t\t<\/div><\/div>\t\t\t\t<\/div>\n\t\t\t\t\t\t\t\t<div class=\"elementor-field-group elementor-column elementor-field-type-submit elementor-col-100 e-form__buttons\">\n\t\t\t\t\t<button class=\"elementor-button elementor-size-sm\" type=\"submit\">\n\t\t\t\t\t\t<span class=\"elementor-button-content-wrapper\">\n\t\t\t\t\t\t\t\t\t\t\t\t\t\t\t\t\t\t\t\t\t\t<span class=\"elementor-button-text\">Envoyer<\/span>\n\t\t\t\t\t\t\t\t\t\t\t\t\t<\/span>\n\t\t\t\t\t<\/button>\n\t\t\t\t<\/div>\n\t\t\t<\/div>\n\t\t<\/form>\n\t\t\t\t\t\t<\/div>\n\t\t\t\t<\/div>\n\t\t\t\t\t<\/div>\n\t\t\t\t<\/div>\n\t\t\t\t\t<\/div>\n\t\t\t\t<\/div>\n\t\t<div class=\"elementor-element elementor-element-bc7d4f7 e-flex e-con-boxed e-con e-parent\" data-id=\"bc7d4f7\" data-element_type=\"container\">\n\t\t\t\t\t<div class=\"e-con-inner\">\n\t\t\t\t<div class=\"elementor-element elementor-element-470bab8 elementor-widget elementor-widget-google_maps\" data-id=\"470bab8\" data-element_type=\"widget\" data-widget_type=\"google_maps.default\">\n\t\t\t\t<div class=\"elementor-widget-container\">\n\t\t\t\t\t\t\t<div class=\"elementor-custom-embed\">\n\t\t\t<iframe loading=\"lazy\"\n\t\t\t\t\tsrc=\"https:\/\/maps.google.com\/maps?q=480%20rue%20due%20mas%20d%27aussel&#038;t=m&#038;z=14&#038;output=embed&#038;iwloc=near\"\n\t\t\t\t\ttitle=\"480 rue due mas d&#039;aussel\"\n\t\t\t\t\taria-label=\"480 rue due mas d&#039;aussel\"\n\t\t\t><\/iframe>\n\t\t<\/div>\n\t\t\t\t\t\t<\/div>\n\t\t\t\t<\/div>\n\t\t\t\t\t<\/div>\n\t\t\t\t<\/div>\n\t\t\t\t<\/div>\n\t\t","protected":false},"excerpt":{"rendered":"<p>Contact Vous pouvez nous contacter par e-mail \u00e0 pradeshandball@gmail.com PHBPrades-le-Lez HandballHalle des sports480 rue du Mas d&#8217;Aussel34730 Prades-le-Lez<\/p>\n","protected":false},"author":2,"featured_media":0,"parent":0,"menu_order":0,"comment_status":"closed","ping_status":"closed","template":"","meta":{"footnotes":""},"class_list":["post-240","page","type-page","status-publish","hentry"],"yoast_head":"<!-- This site is optimized with the Yoast SEO plugin v25.3 - https:\/\/yoast.com\/wordpress\/plugins\/seo\/ -->\n<title>Contact - Prades HandBall<\/title>\n<meta name=\"description\" content=\"Contactez le Prades Handball : Informations, inscriptions, partenariats ou questions g\u00e9n\u00e9rales. Retrouvez nos coordonn\u00e9es, adresse, e-mail et formulaire en ligne pour joindre le club facilement.\" \/>\n<meta name=\"robots\" content=\"index, follow, max-snippet:-1, max-image-preview:large, max-video-preview:-1\" \/>\n<link rel=\"canonical\" href=\"https:\/\/www.pradeshandball.com\/index.php\/contact\/\" \/>\n<meta property=\"og:locale\" content=\"en_US\" \/>\n<meta property=\"og:type\" content=\"article\" \/>\n<meta property=\"og:title\" content=\"Contact - Prades HandBall\" \/>\n<meta property=\"og:description\" content=\"Contactez le Prades Handball : Informations, inscriptions, partenariats ou questions g\u00e9n\u00e9rales. Retrouvez nos coordonn\u00e9es, adresse, e-mail et formulaire en ligne pour joindre le club facilement.\" \/>\n<meta property=\"og:url\" content=\"https:\/\/www.pradeshandball.com\/index.php\/contact\/\" \/>\n<meta property=\"og:site_name\" content=\"Prades HandBall\" \/>\n<meta property=\"article:publisher\" content=\"https:\/\/www.facebook.com\/pradeslelezhandball\/?locale=fr_FR\" \/>\n<meta property=\"article:modified_time\" content=\"2025-09-10T09:18:09+00:00\" \/>\n<meta name=\"twitter:card\" content=\"summary_large_image\" \/>\n<meta name=\"twitter:label1\" content=\"Est. reading time\" \/>\n\t<meta name=\"twitter:data1\" content=\"1 minute\" \/>\n<script type=\"application\/ld+json\" class=\"yoast-schema-graph\">{\"@context\":\"https:\/\/schema.org\",\"@graph\":[{\"@type\":\"WebPage\",\"@id\":\"https:\/\/www.pradeshandball.com\/index.php\/contact\/\",\"url\":\"https:\/\/www.pradeshandball.com\/index.php\/contact\/\",\"name\":\"Contact - Prades HandBall\",\"isPartOf\":{\"@id\":\"https:\/\/www.pradeshandball.com\/#website\"},\"datePublished\":\"2024-05-13T10:54:35+00:00\",\"dateModified\":\"2025-09-10T09:18:09+00:00\",\"description\":\"Contactez le Prades Handball : Informations, inscriptions, partenariats ou questions g\u00e9n\u00e9rales. Retrouvez nos coordonn\u00e9es, adresse, e-mail et formulaire en ligne pour joindre le club facilement.\",\"breadcrumb\":{\"@id\":\"https:\/\/www.pradeshandball.com\/index.php\/contact\/#breadcrumb\"},\"inLanguage\":\"en-US\",\"potentialAction\":[{\"@type\":\"ReadAction\",\"target\":[\"https:\/\/www.pradeshandball.com\/index.php\/contact\/\"]}]},{\"@type\":\"BreadcrumbList\",\"@id\":\"https:\/\/www.pradeshandball.com\/index.php\/contact\/#breadcrumb\",\"itemListElement\":[{\"@type\":\"ListItem\",\"position\":1,\"name\":\"Accueil\",\"item\":\"https:\/\/www.pradeshandball.com\/\"},{\"@type\":\"ListItem\",\"position\":2,\"name\":\"Contact\"}]},{\"@type\":\"WebSite\",\"@id\":\"https:\/\/www.pradeshandball.com\/#website\",\"url\":\"https:\/\/www.pradeshandball.com\/\",\"name\":\"Prades HandBall\",\"description\":\"\",\"publisher\":{\"@id\":\"https:\/\/www.pradeshandball.com\/#organization\"},\"potentialAction\":[{\"@type\":\"SearchAction\",\"target\":{\"@type\":\"EntryPoint\",\"urlTemplate\":\"https:\/\/www.pradeshandball.com\/?s={search_term_string}\"},\"query-input\":{\"@type\":\"PropertyValueSpecification\",\"valueRequired\":true,\"valueName\":\"search_term_string\"}}],\"inLanguage\":\"en-US\"},{\"@type\":\"Organization\",\"@id\":\"https:\/\/www.pradeshandball.com\/#organization\",\"name\":\"Prades HandBall\",\"url\":\"https:\/\/www.pradeshandball.com\/\",\"logo\":{\"@type\":\"ImageObject\",\"inLanguage\":\"en-US\",\"@id\":\"https:\/\/www.pradeshandball.com\/#\/schema\/logo\/image\/\",\"url\":\"https:\/\/www.pradeshandball.com\/wp-content\/uploads\/2023\/12\/Capture-decran-2025-07-31-a-14.35.10.png\",\"contentUrl\":\"https:\/\/www.pradeshandball.com\/wp-content\/uploads\/2023\/12\/Capture-decran-2025-07-31-a-14.35.10.png\",\"width\":1074,\"height\":418,\"caption\":\"Prades HandBall\"},\"image\":{\"@id\":\"https:\/\/www.pradeshandball.com\/#\/schema\/logo\/image\/\"},\"sameAs\":[\"https:\/\/www.facebook.com\/pradeslelezhandball\/?locale=fr_FR\",\"https:\/\/www.instagram.com\/pradeslelezhandball\/\"]}]}<\/script>\n<!-- \/ Yoast SEO plugin. -->","yoast_head_json":{"title":"Contact - Prades HandBall","description":"Contactez le Prades Handball : Informations, inscriptions, partenariats ou questions g\u00e9n\u00e9rales. Retrouvez nos coordonn\u00e9es, adresse, e-mail et formulaire en ligne pour joindre le club facilement.","robots":{"index":"index","follow":"follow","max-snippet":"max-snippet:-1","max-image-preview":"max-image-preview:large","max-video-preview":"max-video-preview:-1"},"canonical":"https:\/\/www.pradeshandball.com\/index.php\/contact\/","og_locale":"en_US","og_type":"article","og_title":"Contact - Prades HandBall","og_description":"Contactez le Prades Handball : Informations, inscriptions, partenariats ou questions g\u00e9n\u00e9rales. Retrouvez nos coordonn\u00e9es, adresse, e-mail et formulaire en ligne pour joindre le club facilement.","og_url":"https:\/\/www.pradeshandball.com\/index.php\/contact\/","og_site_name":"Prades HandBall","article_publisher":"https:\/\/www.facebook.com\/pradeslelezhandball\/?locale=fr_FR","article_modified_time":"2025-09-10T09:18:09+00:00","twitter_card":"summary_large_image","twitter_misc":{"Est. reading time":"1 minute"},"schema":{"@context":"https:\/\/schema.org","@graph":[{"@type":"WebPage","@id":"https:\/\/www.pradeshandball.com\/index.php\/contact\/","url":"https:\/\/www.pradeshandball.com\/index.php\/contact\/","name":"Contact - Prades HandBall","isPartOf":{"@id":"https:\/\/www.pradeshandball.com\/#website"},"datePublished":"2024-05-13T10:54:35+00:00","dateModified":"2025-09-10T09:18:09+00:00","description":"Contactez le Prades Handball : Informations, inscriptions, partenariats ou questions g\u00e9n\u00e9rales. Retrouvez nos coordonn\u00e9es, adresse, e-mail et formulaire en ligne pour joindre le club facilement.","breadcrumb":{"@id":"https:\/\/www.pradeshandball.com\/index.php\/contact\/#breadcrumb"},"inLanguage":"en-US","potentialAction":[{"@type":"ReadAction","target":["https:\/\/www.pradeshandball.com\/index.php\/contact\/"]}]},{"@type":"BreadcrumbList","@id":"https:\/\/www.pradeshandball.com\/index.php\/contact\/#breadcrumb","itemListElement":[{"@type":"ListItem","position":1,"name":"Accueil","item":"https:\/\/www.pradeshandball.com\/"},{"@type":"ListItem","position":2,"name":"Contact"}]},{"@type":"WebSite","@id":"https:\/\/www.pradeshandball.com\/#website","url":"https:\/\/www.pradeshandball.com\/","name":"Prades HandBall","description":"","publisher":{"@id":"https:\/\/www.pradeshandball.com\/#organization"},"potentialAction":[{"@type":"SearchAction","target":{"@type":"EntryPoint","urlTemplate":"https:\/\/www.pradeshandball.com\/?s={search_term_string}"},"query-input":{"@type":"PropertyValueSpecification","valueRequired":true,"valueName":"search_term_string"}}],"inLanguage":"en-US"},{"@type":"Organization","@id":"https:\/\/www.pradeshandball.com\/#organization","name":"Prades HandBall","url":"https:\/\/www.pradeshandball.com\/","logo":{"@type":"ImageObject","inLanguage":"en-US","@id":"https:\/\/www.pradeshandball.com\/#\/schema\/logo\/image\/","url":"https:\/\/www.pradeshandball.com\/wp-content\/uploads\/2023\/12\/Capture-decran-2025-07-31-a-14.35.10.png","contentUrl":"https:\/\/www.pradeshandball.com\/wp-content\/uploads\/2023\/12\/Capture-decran-2025-07-31-a-14.35.10.png","width":1074,"height":418,"caption":"Prades HandBall"},"image":{"@id":"https:\/\/www.pradeshandball.com\/#\/schema\/logo\/image\/"},"sameAs":["https:\/\/www.facebook.com\/pradeslelezhandball\/?locale=fr_FR","https:\/\/www.instagram.com\/pradeslelezhandball\/"]}]}},"_links":{"self":[{"href":"https:\/\/www.pradeshandball.com\/index.php\/wp-json\/wp\/v2\/pages\/240","targetHints":{"allow":["GET"]}}],"collection":[{"href":"https:\/\/www.pradeshandball.com\/index.php\/wp-json\/wp\/v2\/pages"}],"about":[{"href":"https:\/\/www.pradeshandball.com\/index.php\/wp-json\/wp\/v2\/types\/page"}],"author":[{"embeddable":true,"href":"https:\/\/www.pradeshandball.com\/index.php\/wp-json\/wp\/v2\/users\/2"}],"replies":[{"embeddable":true,"href":"https:\/\/www.pradeshandball.com\/index.php\/wp-json\/wp\/v2\/comments?post=240"}],"version-history":[{"count":85,"href":"https:\/\/www.pradeshandball.com\/index.php\/wp-json\/wp\/v2\/pages\/240\/revisions"}],"predecessor-version":[{"id":1944,"href":"https:\/\/www.pradeshandball.com\/index.php\/wp-json\/wp\/v2\/pages\/240\/revisions\/1944"}],"wp:attachment":[{"href":"https:\/\/www.pradeshandball.com\/index.php\/wp-json\/wp\/v2\/media?parent=240"}],"curies":[{"name":"wp","href":"https:\/\/api.w.org\/{rel}","templated":true}]}}