{"id":218,"date":"2024-05-13T12:47:46","date_gmt":"2024-05-13T10:47:46","guid":{"rendered":"https:\/\/www.wp.pradeshandball.com\/?page_id=218"},"modified":"2025-07-31T19:29:32","modified_gmt":"2025-07-31T17:29:32","slug":"entrainements","status":"publish","type":"page","link":"https:\/\/www.pradeshandball.com\/index.php\/entrainements\/","title":{"rendered":"Entrainements"},"content":{"rendered":"\t\t<div data-elementor-type=\"wp-page\" data-elementor-id=\"218\" class=\"elementor elementor-218\" data-elementor-post-type=\"page\">\n\t\t\t\t<div class=\"elementor-element elementor-element-6db6868 e-flex e-con-boxed e-con e-parent\" data-id=\"6db6868\" data-element_type=\"container\">\n\t\t\t\t\t<div class=\"e-con-inner\">\n\t\t\t\t<div class=\"elementor-element elementor-element-28a98ac elementor-widget elementor-widget-image\" data-id=\"28a98ac\" data-element_type=\"widget\" data-widget_type=\"image.default\">\n\t\t\t\t<div class=\"elementor-widget-container\">\n\t\t\t\t\t\t\t\t\t\t\t\t\t\t\t<img fetchpriority=\"high\" decoding=\"async\" width=\"768\" height=\"768\" src=\"https:\/\/www.pradeshandball.com\/wp-content\/uploads\/2025\/07\/CANVA-REPRISE--768x768.webp\" class=\"attachment-medium_large size-medium_large wp-image-1906\" alt=\"\" srcset=\"https:\/\/www.pradeshandball.com\/wp-content\/uploads\/2025\/07\/CANVA-REPRISE--768x768.webp 768w, https:\/\/www.pradeshandball.com\/wp-content\/uploads\/2025\/07\/CANVA-REPRISE--300x300.webp 300w, https:\/\/www.pradeshandball.com\/wp-content\/uploads\/2025\/07\/CANVA-REPRISE--1024x1024.webp 1024w, https:\/\/www.pradeshandball.com\/wp-content\/uploads\/2025\/07\/CANVA-REPRISE--150x150.webp 150w, https:\/\/www.pradeshandball.com\/wp-content\/uploads\/2025\/07\/CANVA-REPRISE--100x100.webp 100w, https:\/\/www.pradeshandball.com\/wp-content\/uploads\/2025\/07\/CANVA-REPRISE--50x50.webp 50w, https:\/\/www.pradeshandball.com\/wp-content\/uploads\/2025\/07\/CANVA-REPRISE--25x25.webp 25w, https:\/\/www.pradeshandball.com\/wp-content\/uploads\/2025\/07\/CANVA-REPRISE-.webp 1080w\" sizes=\"(max-width: 768px) 100vw, 768px\" \/>\t\t\t\t\t\t\t\t\t\t\t\t\t\t\t<\/div>\n\t\t\t\t<\/div>\n\t\t\t\t<div class=\"elementor-element elementor-element-a719665 elementor-widget elementor-widget-text-editor\" data-id=\"a719665\" data-element_type=\"widget\" data-widget_type=\"text-editor.default\">\n\t\t\t\t<div class=\"elementor-widget-container\">\n\t\t\t\t\t\t\t\t\t<p><strong>Halle des Sports :<\/strong> <a href=\"https:\/\/www.google.com\/search?client=opera-gx&amp;q=480+rue+du+Mas+d%27Aussel%2C+34730%2C+Prades-le-Lez&amp;sourceid=opera&amp;ie=UTF-8&amp;oe=UTF-8\">480 rue du Mas d&#8217;Aussel, 34730, <strong>Prades-le-Lez<\/strong><\/a><\/p><p><strong>Gymnase G\u00e9rard Saumade :\u00a0<\/strong><a href=\"https:\/\/www.google.com\/search?client=opera-gx&amp;q=670+Av.+de+Saint-Sauveur%2C+34980+Saint-Cl\u00e9ment-de-Rivi\u00e8re&amp;sourceid=opera&amp;ie=UTF-8&amp;oe=UTF-8\">670 Av. de Saint-Sauveur, 34980 <strong>Saint-Cl\u00e9ment-de-Rivi\u00e8re<\/strong><\/a><\/p><p><strong>Halle des Sports les Verri\u00e8s :<\/strong>\u00a0<a href=\"https:\/\/www.google.com\/search?client=opera-gx&amp;q=Rue+des+Verri\u00e8s%2C+34980+Saint-G\u00e9ly-du-Fesc&amp;sourceid=opera&amp;ie=UTF-8&amp;oe=UTF-8\">Rue des Verri\u00e8s, 34980 <strong>Saint-G\u00e9ly-du-Fesc<\/strong><\/a><\/p><p><strong>Gymnase coll\u00e8ge Pic St Loup :<\/strong>\u00a0<a href=\"https:\/\/www.google.com\/search?client=opera-gx&amp;q=Combes+de+Rabausses%2C+34980+Saint-Cl\u00e9ment-de-Rivi\u00e8re&amp;sourceid=opera&amp;ie=UTF-8&amp;oe=UTF-8\">Combes de Rabausses, 34980 Saint-<strong>Cl\u00e9ment-de-Rivi\u00e8re<\/strong><\/a><\/p><p><strong>FDI Stadium :<\/strong> <a href=\"https:\/\/www.google.com\/search?client=safari&amp;rls=en&amp;q=1000+avenue+du+val+de+montferrand&amp;ie=UTF-8&amp;oe=UTF-8&amp;dlnr=1&amp;sei=vqeLaN_qEeSakdUPo9K9gQ8#vhid=0x0:0xaaefaa5293be1593&amp;vssid=lclsmap&amp;smwie=1\">1000 avenue du val de montferrand<\/a>\u00a0<\/p>\t\t\t\t\t\t\t\t<\/div>\n\t\t\t\t<\/div>\n\t\t\t\t<div class=\"elementor-element elementor-element-a8894a5 elementor-align-center elementor-widget elementor-widget-button\" data-id=\"a8894a5\" data-element_type=\"widget\" data-widget_type=\"button.default\">\n\t\t\t\t<div class=\"elementor-widget-container\">\n\t\t\t\t\t\t\t\t\t<div class=\"elementor-button-wrapper\">\n\t\t\t\t\t<a class=\"elementor-button elementor-button-link elementor-size-sm\" href=\"http:\/\/www.wp.pradeshandball.com\/wp-content\/uploads\/2024\/09\/creneaux-2024-2025.jpg\/Users\/nathanmontels\/Desktop\/CANVA%20REPRISE%20.png\" target=\"_blank\" download=\"\">\n\t\t\t\t\t\t<span class=\"elementor-button-content-wrapper\">\n\t\t\t\t\t\t<span class=\"elementor-button-icon\">\n\t\t\t\t<svg aria-hidden=\"true\" class=\"e-font-icon-svg e-fas-download\" viewBox=\"0 0 512 512\" xmlns=\"http:\/\/www.w3.org\/2000\/svg\"><path d=\"M216 0h80c13.3 0 24 10.7 24 24v168h87.7c17.8 0 26.7 21.5 14.1 34.1L269.7 378.3c-7.5 7.5-19.8 7.5-27.3 0L90.1 226.1c-12.6-12.6-3.7-34.1 14.1-34.1H192V24c0-13.3 10.7-24 24-24zm296 376v112c0 13.3-10.7 24-24 24H24c-13.3 0-24-10.7-24-24V376c0-13.3 10.7-24 24-24h146.7l49 49c20.1 20.1 52.5 20.1 72.6 0l49-49H488c13.3 0 24 10.7 24 24zm-124 88c0-11-9-20-20-20s-20 9-20 20 9 20 20 20 20-9 20-20zm64 0c0-11-9-20-20-20s-20 9-20 20 9 20 20 20 20-9 20-20z\"><\/path><\/svg>\t\t\t<\/span>\n\t\t\t\t\t\t\t\t\t<span class=\"elementor-button-text\">T\u00e9l\u00e9chargez le planning ici<\/span>\n\t\t\t\t\t<\/span>\n\t\t\t\t\t<\/a>\n\t\t\t\t<\/div>\n\t\t\t\t\t\t\t\t<\/div>\n\t\t\t\t<\/div>\n\t\t\t\t\t<\/div>\n\t\t\t\t<\/div>\n\t\t\t\t<\/div>\n\t\t","protected":false},"excerpt":{"rendered":"<p>Halle des Sports : 480 rue du Mas d&#8217;Aussel, 34730, Prades-le-Lez Gymnase G\u00e9rard Saumade :\u00a0670 Av. de Saint-Sauveur, 34980 Saint-Cl\u00e9ment-de-Rivi\u00e8re Halle des Sports les Verri\u00e8s :\u00a0Rue des Verri\u00e8s, 34980 Saint-G\u00e9ly-du-Fesc Gymnase coll\u00e8ge Pic St Loup :\u00a0Combes de Rabausses, 34980 Saint-Cl\u00e9ment-de-Rivi\u00e8re FDI Stadium : 1000 avenue du val de montferrand\u00a0 T\u00e9l\u00e9chargez le planning ici<\/p>\n","protected":false},"author":2,"featured_media":0,"parent":0,"menu_order":0,"comment_status":"closed","ping_status":"closed","template":"","meta":{"footnotes":""},"class_list":["post-218","page","type-page","status-publish","hentry"],"yoast_head":"<!-- This site is optimized with the Yoast SEO plugin v25.3 - https:\/\/yoast.com\/wordpress\/plugins\/seo\/ -->\n<title>Entrainements - Prades HandBall<\/title>\n<meta name=\"robots\" content=\"index, follow, max-snippet:-1, max-image-preview:large, max-video-preview:-1\" \/>\n<link rel=\"canonical\" href=\"http:\/\/www.pradeshandball.com\/index.php\/entrainements\/\" \/>\n<meta property=\"og:locale\" content=\"en_US\" \/>\n<meta property=\"og:type\" content=\"article\" \/>\n<meta property=\"og:title\" content=\"Entrainements - Prades HandBall\" \/>\n<meta property=\"og:description\" content=\"Halle des Sports : 480 rue du Mas d&#8217;Aussel, 34730, Prades-le-Lez Gymnase G\u00e9rard Saumade :\u00a0670 Av. de Saint-Sauveur, 34980 Saint-Cl\u00e9ment-de-Rivi\u00e8re Halle des Sports les Verri\u00e8s :\u00a0Rue des Verri\u00e8s, 34980 Saint-G\u00e9ly-du-Fesc Gymnase coll\u00e8ge Pic St Loup :\u00a0Combes de Rabausses, 34980 Saint-Cl\u00e9ment-de-Rivi\u00e8re FDI Stadium : 1000 avenue du val de montferrand\u00a0 T\u00e9l\u00e9chargez le planning ici\" \/>\n<meta property=\"og:url\" content=\"http:\/\/www.pradeshandball.com\/index.php\/entrainements\/\" \/>\n<meta property=\"og:site_name\" content=\"Prades HandBall\" \/>\n<meta property=\"article:publisher\" content=\"https:\/\/www.facebook.com\/pradeslelezhandball\/?locale=fr_FR\" \/>\n<meta property=\"article:modified_time\" content=\"2025-07-31T17:29:32+00:00\" \/>\n<meta property=\"og:image\" content=\"http:\/\/www.pradeshandball.com\/wp-content\/uploads\/2025\/07\/CANVA-REPRISE--768x768.webp\" \/>\n<meta name=\"twitter:card\" content=\"summary_large_image\" \/>\n<meta name=\"twitter:label1\" content=\"Est. reading time\" \/>\n\t<meta name=\"twitter:data1\" content=\"1 minute\" \/>\n<script type=\"application\/ld+json\" class=\"yoast-schema-graph\">{\"@context\":\"https:\/\/schema.org\",\"@graph\":[{\"@type\":\"WebPage\",\"@id\":\"http:\/\/www.pradeshandball.com\/index.php\/entrainements\/\",\"url\":\"http:\/\/www.pradeshandball.com\/index.php\/entrainements\/\",\"name\":\"Entrainements - Prades HandBall\",\"isPartOf\":{\"@id\":\"https:\/\/www.pradeshandball.com\/#website\"},\"primaryImageOfPage\":{\"@id\":\"http:\/\/www.pradeshandball.com\/index.php\/entrainements\/#primaryimage\"},\"image\":{\"@id\":\"http:\/\/www.pradeshandball.com\/index.php\/entrainements\/#primaryimage\"},\"thumbnailUrl\":\"http:\/\/www.pradeshandball.com\/wp-content\/uploads\/2025\/07\/CANVA-REPRISE--768x768.webp\",\"datePublished\":\"2024-05-13T10:47:46+00:00\",\"dateModified\":\"2025-07-31T17:29:32+00:00\",\"breadcrumb\":{\"@id\":\"http:\/\/www.pradeshandball.com\/index.php\/entrainements\/#breadcrumb\"},\"inLanguage\":\"en-US\",\"potentialAction\":[{\"@type\":\"ReadAction\",\"target\":[\"http:\/\/www.pradeshandball.com\/index.php\/entrainements\/\"]}]},{\"@type\":\"ImageObject\",\"inLanguage\":\"en-US\",\"@id\":\"http:\/\/www.pradeshandball.com\/index.php\/entrainements\/#primaryimage\",\"url\":\"https:\/\/www.pradeshandball.com\/wp-content\/uploads\/2025\/07\/CANVA-REPRISE-.webp\",\"contentUrl\":\"https:\/\/www.pradeshandball.com\/wp-content\/uploads\/2025\/07\/CANVA-REPRISE-.webp\",\"width\":1080,\"height\":1080},{\"@type\":\"BreadcrumbList\",\"@id\":\"http:\/\/www.pradeshandball.com\/index.php\/entrainements\/#breadcrumb\",\"itemListElement\":[{\"@type\":\"ListItem\",\"position\":1,\"name\":\"Accueil\",\"item\":\"https:\/\/www.pradeshandball.com\/\"},{\"@type\":\"ListItem\",\"position\":2,\"name\":\"Entrainements\"}]},{\"@type\":\"WebSite\",\"@id\":\"https:\/\/www.pradeshandball.com\/#website\",\"url\":\"https:\/\/www.pradeshandball.com\/\",\"name\":\"Prades HandBall\",\"description\":\"\",\"publisher\":{\"@id\":\"https:\/\/www.pradeshandball.com\/#organization\"},\"potentialAction\":[{\"@type\":\"SearchAction\",\"target\":{\"@type\":\"EntryPoint\",\"urlTemplate\":\"https:\/\/www.pradeshandball.com\/?s={search_term_string}\"},\"query-input\":{\"@type\":\"PropertyValueSpecification\",\"valueRequired\":true,\"valueName\":\"search_term_string\"}}],\"inLanguage\":\"en-US\"},{\"@type\":\"Organization\",\"@id\":\"https:\/\/www.pradeshandball.com\/#organization\",\"name\":\"Prades HandBall\",\"url\":\"https:\/\/www.pradeshandball.com\/\",\"logo\":{\"@type\":\"ImageObject\",\"inLanguage\":\"en-US\",\"@id\":\"https:\/\/www.pradeshandball.com\/#\/schema\/logo\/image\/\",\"url\":\"https:\/\/www.pradeshandball.com\/wp-content\/uploads\/2023\/12\/Capture-decran-2025-07-31-a-14.35.10.png\",\"contentUrl\":\"https:\/\/www.pradeshandball.com\/wp-content\/uploads\/2023\/12\/Capture-decran-2025-07-31-a-14.35.10.png\",\"width\":1074,\"height\":418,\"caption\":\"Prades HandBall\"},\"image\":{\"@id\":\"https:\/\/www.pradeshandball.com\/#\/schema\/logo\/image\/\"},\"sameAs\":[\"https:\/\/www.facebook.com\/pradeslelezhandball\/?locale=fr_FR\",\"https:\/\/www.instagram.com\/pradeslelezhandball\/\"]}]}<\/script>\n<!-- \/ Yoast SEO plugin. -->","yoast_head_json":{"title":"Entrainements - Prades HandBall","robots":{"index":"index","follow":"follow","max-snippet":"max-snippet:-1","max-image-preview":"max-image-preview:large","max-video-preview":"max-video-preview:-1"},"canonical":"http:\/\/www.pradeshandball.com\/index.php\/entrainements\/","og_locale":"en_US","og_type":"article","og_title":"Entrainements - Prades HandBall","og_description":"Halle des Sports : 480 rue du Mas d&#8217;Aussel, 34730, Prades-le-Lez Gymnase G\u00e9rard Saumade :\u00a0670 Av. de Saint-Sauveur, 34980 Saint-Cl\u00e9ment-de-Rivi\u00e8re Halle des Sports les Verri\u00e8s :\u00a0Rue des Verri\u00e8s, 34980 Saint-G\u00e9ly-du-Fesc Gymnase coll\u00e8ge Pic St Loup :\u00a0Combes de Rabausses, 34980 Saint-Cl\u00e9ment-de-Rivi\u00e8re FDI Stadium : 1000 avenue du val de montferrand\u00a0 T\u00e9l\u00e9chargez le planning ici","og_url":"http:\/\/www.pradeshandball.com\/index.php\/entrainements\/","og_site_name":"Prades HandBall","article_publisher":"https:\/\/www.facebook.com\/pradeslelezhandball\/?locale=fr_FR","article_modified_time":"2025-07-31T17:29:32+00:00","og_image":[{"url":"http:\/\/www.pradeshandball.com\/wp-content\/uploads\/2025\/07\/CANVA-REPRISE--768x768.webp","type":"","width":"","height":""}],"twitter_card":"summary_large_image","twitter_misc":{"Est. reading time":"1 minute"},"schema":{"@context":"https:\/\/schema.org","@graph":[{"@type":"WebPage","@id":"http:\/\/www.pradeshandball.com\/index.php\/entrainements\/","url":"http:\/\/www.pradeshandball.com\/index.php\/entrainements\/","name":"Entrainements - Prades HandBall","isPartOf":{"@id":"https:\/\/www.pradeshandball.com\/#website"},"primaryImageOfPage":{"@id":"http:\/\/www.pradeshandball.com\/index.php\/entrainements\/#primaryimage"},"image":{"@id":"http:\/\/www.pradeshandball.com\/index.php\/entrainements\/#primaryimage"},"thumbnailUrl":"http:\/\/www.pradeshandball.com\/wp-content\/uploads\/2025\/07\/CANVA-REPRISE--768x768.webp","datePublished":"2024-05-13T10:47:46+00:00","dateModified":"2025-07-31T17:29:32+00:00","breadcrumb":{"@id":"http:\/\/www.pradeshandball.com\/index.php\/entrainements\/#breadcrumb"},"inLanguage":"en-US","potentialAction":[{"@type":"ReadAction","target":["http:\/\/www.pradeshandball.com\/index.php\/entrainements\/"]}]},{"@type":"ImageObject","inLanguage":"en-US","@id":"http:\/\/www.pradeshandball.com\/index.php\/entrainements\/#primaryimage","url":"https:\/\/www.pradeshandball.com\/wp-content\/uploads\/2025\/07\/CANVA-REPRISE-.webp","contentUrl":"https:\/\/www.pradeshandball.com\/wp-content\/uploads\/2025\/07\/CANVA-REPRISE-.webp","width":1080,"height":1080},{"@type":"BreadcrumbList","@id":"http:\/\/www.pradeshandball.com\/index.php\/entrainements\/#breadcrumb","itemListElement":[{"@type":"ListItem","position":1,"name":"Accueil","item":"https:\/\/www.pradeshandball.com\/"},{"@type":"ListItem","position":2,"name":"Entrainements"}]},{"@type":"WebSite","@id":"https:\/\/www.pradeshandball.com\/#website","url":"https:\/\/www.pradeshandball.com\/","name":"Prades HandBall","description":"","publisher":{"@id":"https:\/\/www.pradeshandball.com\/#organization"},"potentialAction":[{"@type":"SearchAction","target":{"@type":"EntryPoint","urlTemplate":"https:\/\/www.pradeshandball.com\/?s={search_term_string}"},"query-input":{"@type":"PropertyValueSpecification","valueRequired":true,"valueName":"search_term_string"}}],"inLanguage":"en-US"},{"@type":"Organization","@id":"https:\/\/www.pradeshandball.com\/#organization","name":"Prades HandBall","url":"https:\/\/www.pradeshandball.com\/","logo":{"@type":"ImageObject","inLanguage":"en-US","@id":"https:\/\/www.pradeshandball.com\/#\/schema\/logo\/image\/","url":"https:\/\/www.pradeshandball.com\/wp-content\/uploads\/2023\/12\/Capture-decran-2025-07-31-a-14.35.10.png","contentUrl":"https:\/\/www.pradeshandball.com\/wp-content\/uploads\/2023\/12\/Capture-decran-2025-07-31-a-14.35.10.png","width":1074,"height":418,"caption":"Prades HandBall"},"image":{"@id":"https:\/\/www.pradeshandball.com\/#\/schema\/logo\/image\/"},"sameAs":["https:\/\/www.facebook.com\/pradeslelezhandball\/?locale=fr_FR","https:\/\/www.instagram.com\/pradeslelezhandball\/"]}]}},"_links":{"self":[{"href":"https:\/\/www.pradeshandball.com\/index.php\/wp-json\/wp\/v2\/pages\/218","targetHints":{"allow":["GET"]}}],"collection":[{"href":"https:\/\/www.pradeshandball.com\/index.php\/wp-json\/wp\/v2\/pages"}],"about":[{"href":"https:\/\/www.pradeshandball.com\/index.php\/wp-json\/wp\/v2\/types\/page"}],"author":[{"embeddable":true,"href":"https:\/\/www.pradeshandball.com\/index.php\/wp-json\/wp\/v2\/users\/2"}],"replies":[{"embeddable":true,"href":"https:\/\/www.pradeshandball.com\/index.php\/wp-json\/wp\/v2\/comments?post=218"}],"version-history":[{"count":33,"href":"https:\/\/www.pradeshandball.com\/index.php\/wp-json\/wp\/v2\/pages\/218\/revisions"}],"predecessor-version":[{"id":1940,"href":"https:\/\/www.pradeshandball.com\/index.php\/wp-json\/wp\/v2\/pages\/218\/revisions\/1940"}],"wp:attachment":[{"href":"https:\/\/www.pradeshandball.com\/index.php\/wp-json\/wp\/v2\/media?parent=218"}],"curies":[{"name":"wp","href":"https:\/\/api.w.org\/{rel}","templated":true}]}}